{"id":2,"date":"2025-07-17T07:26:50","date_gmt":"2025-07-17T07:26:50","guid":{"rendered":"https:\/\/multimedianews.fotofreund.ch\/?page_id=2"},"modified":"2025-08-22T07:38:00","modified_gmt":"2025-08-22T07:38:00","slug":"fusball","status":"publish","type":"page","link":"https:\/\/multimedianews.fotofreund.ch\/","title":{"rendered":"Fussball"},"content":{"rendered":"\n<div class=\"wp-block-columns are-vertically-aligned-center is-layout-flex wp-container-core-columns-is-layout-9d6595d7 wp-block-columns-is-layout-flex\">\n<div class=\"wp-block-column is-vertically-aligned-center is-layout-flow wp-block-column-is-layout-flow\" style=\"flex-basis:100%\"><ul class=\"is-grid columns-3 has-dates has-excerpts aligncenter wp-block-rss\"><li class='wp-block-rss__item'><div class='wp-block-rss__item-title'><a href='https:\/\/www.transfermarkt.de\/freiburg-wieder-souveran-suzuki-amp-matanovic-sorgen-fur-erstes-europacup-halbfinale\/view\/news\/478175'>SC Freiburg souver\u00e4n: Suzuki &amp; Matanovic sorgen f\u00fcr 1. Europacup-Halbfinale<\/a><\/div><time datetime=\"2026-04-16T21:05:36+00:00\" class=\"wp-block-rss__item-publish-date\">April 16, 2026<\/time> <div class=\"wp-block-rss__item-excerpt\">Der Artikel erschien in erster Fassung um 20:36 und wurde nach den Abendspielen aktualisiert (2. Absatz) Mit einem erneuten Traumtor und einer weiteren Topleistung ist der SC Freiburg ins&#8230;<\/div><\/li><li class='wp-block-rss__item'><div class='wp-block-rss__item-title'><a href='https:\/\/www.transfermarkt.de\/trotz-batz-elferparade-mainz-05-gibt-2-0-vorsprung-in-strassburg-her-und-scheidet-aus\/view\/news\/478179'>Conference League: Mainz 05 gibt 2:0 in Stra\u00dfburg her und scheidet aus<\/a><\/div><time datetime=\"2026-04-16T20:57:18+00:00\" class=\"wp-block-rss__item-publish-date\">April 16, 2026<\/time> <div class=\"wp-block-rss__item-excerpt\">Der 1. FSV Mainz 05 hat sich im Elsass abkochen lassen und den erstmaligen Einzug ins Halbfinale der Conference Legaue verpasst. Die Mannschaft von Trainer Urs Fischer verspielte bei der 0:4&#8230;<\/div><\/li><li class='wp-block-rss__item'><div class='wp-block-rss__item-title'><a href='https:\/\/www.transfermarkt.de\/ewige-tabelle-bayer-einen-punkt-hinter-schalke-fc-bayern-bald-mit-1-000-zahlern-vorsprung-\/view\/news\/478084'>Ewige Tabelle: Bayer ein Punkt hinter S04 \u2013 Bayern bald mit 1000 Z\u00e4hlern Vorsprung?<\/a><\/div><time datetime=\"2026-04-16T19:31:00+00:00\" class=\"wp-block-rss__item-publish-date\">April 16, 2026<\/time> <div class=\"wp-block-rss__item-excerpt\">In der Ewigen Tabelle der Bundesliga wird es zeitnah zu einer Ver\u00e4nderung kommen. Bayer Leverkusen kann am 30. Spieltag Schalke 04 \u00fcberholen und den 8. Platz erklimmen. Aufgrund der&#8230;<\/div><\/li><li class='wp-block-rss__item'><div class='wp-block-rss__item-title'><a href='https:\/\/www.transfermarkt.de\/nationalmannschaft-japans-celtic-legende-nakamura-wird-co-trainer\/view\/news\/478178'>Vor WM: Celtic-Legende Nakamura wird Co-Trainer Japans<\/a><\/div><time datetime=\"2026-04-16T18:35:25+00:00\" class=\"wp-block-rss__item-publish-date\">April 16, 2026<\/time> <div class=\"wp-block-rss__item-excerpt\">Japans Nationaltrainer Hajime Moriyasu (57) wird bei der Weltmeisterschaft auf prominente Unterst\u00fctzung z\u00e4hlen k\u00f6nnen. Wie der japanische Verband verk\u00fcndete, sto\u00dft&#8230;<\/div><\/li><li class='wp-block-rss__item'><div class='wp-block-rss__item-title'><a href='https:\/\/www.transfermarkt.de\/potenzielle-endplatzierungen-bis-zum-ksc-alle-mit-aufstiegschance-halbe-liga-in-abstiegsnot\/view\/news\/478158'>Potenzielle Endplatzierungen: Halbe 2. Bundesliga in Abstiegsnot<\/a><\/div><time datetime=\"2026-04-16T17:42:36+00:00\" class=\"wp-block-rss__item-publish-date\">April 16, 2026<\/time> <div class=\"wp-block-rss__item-excerpt\">F\u00fcnf Spieltage vor Schluss k\u00f6nnen in der 2. Bundesliga rechnerisch noch acht Teams aufsteigen. Welche Chancen \u2013 positiv wie negativ \u2013 die 18 Mannschaften haben, verdeutlicht&#8230;<\/div><\/li><li class='wp-block-rss__item'><div class='wp-block-rss__item-title'><a href='https:\/\/www.transfermarkt.de\/nagelsmann-musiala-fehlt-bei-wm-nur-wenn-laut-arzten-risiko-fur-gesamtkarriere-besteht\/view\/news\/478172'>Nagelsmann: Musiala fehlt bei WM nur, wenn Risiko f\u00fcr Gesamtkarriere besteht<\/a><\/div><time datetime=\"2026-04-16T17:31:50+00:00\" class=\"wp-block-rss__item-publish-date\">April 16, 2026<\/time> <div class=\"wp-block-rss__item-excerpt\">Julian Nagelsmann h\u00e4lt nichts von einem freiwilligen WM-Verzicht von Jamal Musiala und plant fest mit dem Offensivmann des FC Bayern M\u00fcnchen. \u201eWenn die \u00c4rzte sagen, dass kein&#8230;<\/div><\/li><li class='wp-block-rss__item'><div class='wp-block-rss__item-title'><a href='https:\/\/www.transfermarkt.de\/potenzielle-endplatzierungen-15-klubs-um-werder-mit-europa-chance-11-konnen-absteigen\/view\/news\/478057'>Potenzielle Endplatzierungen: Noch 15 Teams k\u00f6nnen von Europa tr\u00e4umen, 11 absteigen<\/a><\/div><time datetime=\"2026-04-16T17:00:08+00:00\" class=\"wp-block-rss__item-publish-date\">April 16, 2026<\/time> <div class=\"wp-block-rss__item-excerpt\">Die Bundesliga startet in die hei\u00dfte Phase, nur noch f\u00fcnf Spieltage sind offen. Sowohl im Kampf um Europa als auch im Tabellenkeller ist noch einiges drin, und wo genau es f\u00fcr die&#8230;<\/div><\/li><li class='wp-block-rss__item'><div class='wp-block-rss__item-title'><a href='https:\/\/www.transfermarkt.de\/messi-kauft-spanischen-funftligisten-ue-cornella-raya-alba-amp-co-spielten-dort-in-der-jugend\/view\/news\/478168'>Lionel Messi kauft spanischen F\u00fcnftligisten UE Cornell\u00e0<\/a><\/div><time datetime=\"2026-04-16T15:44:32+00:00\" class=\"wp-block-rss__item-publish-date\">April 16, 2026<\/time> <div class=\"wp-block-rss__item-excerpt\">Superstar Lionel Messi von Inter Miami CF hat 100 Prozent der Rechte am spanischen F\u00fcnftligisten UE Cornell\u00e0 erworben. Das teilte der katalonische Klub aus dem Landkreis Baix Llobregat&#8230;<\/div><\/li><li class='wp-block-rss__item'><div class='wp-block-rss__item-title'><a href='https:\/\/www.transfermarkt.de\/rohr-tippt-30-spieltag-hsv-gewinnt-nordderby-bayern-sichert-sich-die-meisterschaft\/view\/news\/478025'>Maximilian Rohr tippt 30. Spieltag: HSV gewinnt Nordderby gegen Werder<\/a><\/div><time datetime=\"2026-04-16T15:30:00+00:00\" class=\"wp-block-rss__item-publish-date\">April 16, 2026<\/time> <div class=\"wp-block-rss__item-excerpt\">Maximilian Rohr von der SV Elversberg hat f\u00fcr Transfermarkt den 30. Spieltag getippt. Der 30 Jahre alte Innenverteidiger setzt im Nordderby des SV Werder Bremen gegen den Hamburger SV auf&#8230;<\/div><\/li><li class='wp-block-rss__item'><div class='wp-block-rss__item-title'><a href='https:\/\/www.transfermarkt.de\/so-erlebte-union-trainerin-eta-den-rummel-sportchef-heldt-uber-dauerhaftes-engagement\/view\/news\/478164'>Union Berlin: So erlebte Trainerin Eta den Rummel \u2013 Hecking kritisiert Internet-Hass<\/a><\/div><time datetime=\"2026-04-16T14:51:19+00:00\" class=\"wp-block-rss__item-publish-date\">April 16, 2026<\/time> <div class=\"wp-block-rss__item-excerpt\">Marie-Louise Eta war in den vergangenen Tagen in aller Munde, jetzt sprach die erste Cheftrainerin in der Geschichte der Bundesliga der M\u00e4nner im prall gef\u00fcllten Medienraum des 1. FC&#8230;<\/div><\/li><\/ul><\/div>\n<\/div>\n\n\n<ul class=\"is-grid columns-3 has-dates has-excerpts wp-block-rss\"><li class='wp-block-rss__item'><div class='wp-block-rss__item-title'><a href='https:\/\/www.t-online.de\/sport\/fussball\/nationalmannschaft-deutschland\/id_101216786\/nagelsmann-als-mensch-keine-ki-aber-aberglaube.html'>Nagelsmann als Mensch: Keine KI, aber Aberglaube<\/a><\/div><time datetime=\"2026-04-17T03:25:04+00:00\" class=\"wp-block-rss__item-publish-date\">April 17, 2026<\/time> <div class=\"wp-block-rss__item-excerpt\">Auch ein Bundestrainer ist ein Mensch. Das wird in einem TV-Gespr\u00e4ch von Julian Nagelsmann klar. Der Bundestrainer verr\u00e4t einiges \u00fcber seinen Umgang mit technischem Fortschritt und spezielle Rituale.<\/div><\/li><li class='wp-block-rss__item'><div class='wp-block-rss__item-title'><a href='https:\/\/www.t-online.de\/sport\/fussball\/wm\/id_101216652\/julian-nagelsmann-spricht-ueber-moegliche-rueckkehr-von-manuel-neuer.html'>Julian Nagelsmann spricht \u00fcber m\u00f6gliche R\u00fcckkehr von Manuel Neuer<\/a><\/div><time datetime=\"2026-04-17T03:19:14+00:00\" class=\"wp-block-rss__item-publish-date\">April 17, 2026<\/time> <div class=\"wp-block-rss__item-excerpt\">Kommt er, kommt er nicht? \u00dcber eine R\u00fcckkehr von Manuel Neuer ins DFB-Tor wird viel spekuliert. Nun \u00e4u\u00dfert sich der Bundestrainer \u2013 und zwar doppeldeutig.<\/div><\/li><li class='wp-block-rss__item'><div class='wp-block-rss__item-title'><a href='https:\/\/www.t-online.de\/sport\/fussball\/conference-league\/id_101216598\/conference-league-mainz-05-scheitert-im-viertelfinale-an-strassburg.html'>Conference League: Mainz 05 scheitert im Viertelfinale an Stra\u00dfburg<\/a><\/div><time datetime=\"2026-04-16T21:20:29+00:00\" class=\"wp-block-rss__item-publish-date\">April 16, 2026<\/time> <div class=\"wp-block-rss__item-excerpt\">Mit einem komfortablen Vorsprung ist Mainz 05 nach Frankreich gereist. Doch f\u00fcr ein Weiterkommen reichte dieser nicht aus.<\/div><\/li><li class='wp-block-rss__item'><div class='wp-block-rss__item-title'><a href='https:\/\/www.t-online.de\/sport\/fussball\/conference-league\/id_101216612\/conference-league-mainz-spieler-liefern-sich-rangelei-mit-strassburg.html'>Conference League: Mainz-Spieler liefern sich Rangelei mit Stra\u00dfburg<\/a><\/div><time datetime=\"2026-04-16T21:19:50+00:00\" class=\"wp-block-rss__item-publish-date\">April 16, 2026<\/time> <div class=\"wp-block-rss__item-excerpt\">Gegen Stra\u00dfburg scheiterte Mainz in der Conference League deutlich. Danach brach Frust aus.<\/div><\/li><li class='wp-block-rss__item'><div class='wp-block-rss__item-title'><a href='https:\/\/www.t-online.de\/sport\/fussball\/international\/id_101216596\/toni-kroos-ex-dfb-star-aeussert-sich-zu-geruechten-um-real-comeback.html'>Toni Kroos: Ex-DFB-Star \u00e4u\u00dfert sich zu Ger\u00fcchten um Real-Comeback<\/a><\/div><time datetime=\"2026-04-16T20:43:38+00:00\" class=\"wp-block-rss__item-publish-date\">April 16, 2026<\/time> <div class=\"wp-block-rss__item-excerpt\">Zuletzt machten Ger\u00fcchte die Runde, Toni Kroos solle in neuer Funktion zu Real Madrid zur\u00fcckkehren. Im Podcast wurde er nun von seinem Bruder darauf angesprochen.<\/div><\/li><li class='wp-block-rss__item'><div class='wp-block-rss__item-title'><a href='https:\/\/www.t-online.de\/sport\/fussball\/champions-league\/id_101216588\/nach-champions-league-aus-barca-beschwert-sich-bei-uefa.html'>Nach Champions-League-Aus: Bar\u00e7a beschwert sich bei UEFA<\/a><\/div><time datetime=\"2026-04-16T19:44:04+00:00\" class=\"wp-block-rss__item-publish-date\">April 16, 2026<\/time> <div class=\"wp-block-rss__item-excerpt\">Das Aus in der Champions League wirkt beim FC Barcelona nach. Der Club meldet sich erneut mit Schiedsrichter-Kritik bei der UEFA.<\/div><\/li><li class='wp-block-rss__item'><div class='wp-block-rss__item-title'><a href='https:\/\/www.t-online.de\/sport\/fussball\/europa-league\/id_101216548\/europa-league-freiburg-schlaegt-celta-vigo-und-schreibt-geschichte.html'>Europa League: Freiburg schl\u00e4gt Celta Vigo und schreibt Geschichte<\/a><\/div><time datetime=\"2026-04-16T18:40:54+00:00\" class=\"wp-block-rss__item-publish-date\">April 16, 2026<\/time> <div class=\"wp-block-rss__item-excerpt\">Auch das R\u00fcckspiel gegen Celta Vigo gestaltet der SC Freiburg deutlich. Der Bundesliga-Klub steht damit im Halbfinale der Europa League.<\/div><\/li><li class='wp-block-rss__item'><div class='wp-block-rss__item-title'><a href='https:\/\/www.t-online.de\/sport\/fussball\/international\/id_101216472\/-langfristige-vision-messi-kauft-spanischen-fuenftligisten.html'>\u00abLangfristige Vision\u00bb: Messi kauft spanischen F\u00fcnftligisten<\/a><\/div><time datetime=\"2026-04-16T16:41:38+00:00\" class=\"wp-block-rss__item-publish-date\">April 16, 2026<\/time> <div class=\"wp-block-rss__item-excerpt\">Vom Weltstar zum Clubbesitzer: Messi investiert in einen F\u00fcnftligisten bei Barcelona. Immerhin: Einige Fu\u00dfballstars hat UE Cornell\u00e0 schon hervorgebracht.<\/div><\/li><li class='wp-block-rss__item'><div class='wp-block-rss__item-title'><a href='https:\/\/www.t-online.de\/sport\/fussball\/nationalmannschaft-deutschland\/id_101216432\/wm-2026-julian-nagelsmann-spricht-ueber-jamal-musialas-chancen.html'>WM 2026: Julian Nagelsmann spricht \u00fcber Jamal Musialas Chancen<\/a><\/div><time datetime=\"2026-04-16T16:30:06+00:00\" class=\"wp-block-rss__item-publish-date\">April 16, 2026<\/time> <div class=\"wp-block-rss__item-excerpt\">In weniger als zwei Monaten startet die WM. Julian Nagelsmann hat sich zur Personalie Jamal Musiala ge\u00e4u\u00dfert.<\/div><\/li><\/ul>\n\n\n<p><\/p>\n","protected":false},"excerpt":{"rendered":"","protected":false},"author":1,"featured_media":0,"parent":0,"menu_order":1,"comment_status":"closed","ping_status":"closed","template":"","meta":{"footnotes":""},"class_list":["post-2","page","type-page","status-publish","hentry"],"yoast_head":"<!-- This site is optimized with the Yoast SEO plugin v25.7 - https:\/\/yoast.com\/wordpress\/plugins\/seo\/ -->\n<title>Fussball - Multimedia News<\/title>\n<meta name=\"robots\" content=\"index, follow, max-snippet:-1, max-image-preview:large, max-video-preview:-1\" \/>\n<link rel=\"canonical\" href=\"https:\/\/multimedianews.fotofreund.ch\/\" \/>\n<meta property=\"og:locale\" content=\"de_DE\" \/>\n<meta property=\"og:type\" content=\"article\" \/>\n<meta property=\"og:title\" content=\"Fussball - Multimedia News\" \/>\n<meta property=\"og:url\" content=\"https:\/\/multimedianews.fotofreund.ch\/\" \/>\n<meta property=\"og:site_name\" content=\"Multimedia News\" \/>\n<meta property=\"article:modified_time\" content=\"2025-08-22T07:38:00+00:00\" \/>\n<meta name=\"twitter:card\" content=\"summary_large_image\" \/>\n<script type=\"application\/ld+json\" class=\"yoast-schema-graph\">{\"@context\":\"https:\/\/schema.org\",\"@graph\":[{\"@type\":\"WebPage\",\"@id\":\"https:\/\/multimedianews.fotofreund.ch\/\",\"url\":\"https:\/\/multimedianews.fotofreund.ch\/\",\"name\":\"Fussball - Multimedia News\",\"isPartOf\":{\"@id\":\"https:\/\/multimedianews.fotofreund.ch\/#website\"},\"datePublished\":\"2025-07-17T07:26:50+00:00\",\"dateModified\":\"2025-08-22T07:38:00+00:00\",\"breadcrumb\":{\"@id\":\"https:\/\/multimedianews.fotofreund.ch\/#breadcrumb\"},\"inLanguage\":\"de\",\"potentialAction\":[{\"@type\":\"ReadAction\",\"target\":[\"https:\/\/multimedianews.fotofreund.ch\/\"]}]},{\"@type\":\"BreadcrumbList\",\"@id\":\"https:\/\/multimedianews.fotofreund.ch\/#breadcrumb\",\"itemListElement\":[{\"@type\":\"ListItem\",\"position\":1,\"name\":\"Startseite\",\"item\":\"https:\/\/multimedianews.fotofreund.ch\/\"},{\"@type\":\"ListItem\",\"position\":2,\"name\":\"Fussball\"}]},{\"@type\":\"WebSite\",\"@id\":\"https:\/\/multimedianews.fotofreund.ch\/#website\",\"url\":\"https:\/\/multimedianews.fotofreund.ch\/\",\"name\":\"Multimedia News\",\"description\":\"News zu Fussball, IT, Gaming usw.\",\"potentialAction\":[{\"@type\":\"SearchAction\",\"target\":{\"@type\":\"EntryPoint\",\"urlTemplate\":\"https:\/\/multimedianews.fotofreund.ch\/?s={search_term_string}\"},\"query-input\":{\"@type\":\"PropertyValueSpecification\",\"valueRequired\":true,\"valueName\":\"search_term_string\"}}],\"inLanguage\":\"de\"}]}<\/script>\n<!-- \/ Yoast SEO plugin. -->","yoast_head_json":{"title":"Fussball - Multimedia News","robots":{"index":"index","follow":"follow","max-snippet":"max-snippet:-1","max-image-preview":"max-image-preview:large","max-video-preview":"max-video-preview:-1"},"canonical":"https:\/\/multimedianews.fotofreund.ch\/","og_locale":"de_DE","og_type":"article","og_title":"Fussball - Multimedia News","og_url":"https:\/\/multimedianews.fotofreund.ch\/","og_site_name":"Multimedia News","article_modified_time":"2025-08-22T07:38:00+00:00","twitter_card":"summary_large_image","schema":{"@context":"https:\/\/schema.org","@graph":[{"@type":"WebPage","@id":"https:\/\/multimedianews.fotofreund.ch\/","url":"https:\/\/multimedianews.fotofreund.ch\/","name":"Fussball - Multimedia News","isPartOf":{"@id":"https:\/\/multimedianews.fotofreund.ch\/#website"},"datePublished":"2025-07-17T07:26:50+00:00","dateModified":"2025-08-22T07:38:00+00:00","breadcrumb":{"@id":"https:\/\/multimedianews.fotofreund.ch\/#breadcrumb"},"inLanguage":"de","potentialAction":[{"@type":"ReadAction","target":["https:\/\/multimedianews.fotofreund.ch\/"]}]},{"@type":"BreadcrumbList","@id":"https:\/\/multimedianews.fotofreund.ch\/#breadcrumb","itemListElement":[{"@type":"ListItem","position":1,"name":"Startseite","item":"https:\/\/multimedianews.fotofreund.ch\/"},{"@type":"ListItem","position":2,"name":"Fussball"}]},{"@type":"WebSite","@id":"https:\/\/multimedianews.fotofreund.ch\/#website","url":"https:\/\/multimedianews.fotofreund.ch\/","name":"Multimedia News","description":"News zu Fussball, IT, Gaming usw.","potentialAction":[{"@type":"SearchAction","target":{"@type":"EntryPoint","urlTemplate":"https:\/\/multimedianews.fotofreund.ch\/?s={search_term_string}"},"query-input":{"@type":"PropertyValueSpecification","valueRequired":true,"valueName":"search_term_string"}}],"inLanguage":"de"}]}},"_links":{"self":[{"href":"https:\/\/multimedianews.fotofreund.ch\/index.php?rest_route=\/wp\/v2\/pages\/2","targetHints":{"allow":["GET"]}}],"collection":[{"href":"https:\/\/multimedianews.fotofreund.ch\/index.php?rest_route=\/wp\/v2\/pages"}],"about":[{"href":"https:\/\/multimedianews.fotofreund.ch\/index.php?rest_route=\/wp\/v2\/types\/page"}],"author":[{"embeddable":true,"href":"https:\/\/multimedianews.fotofreund.ch\/index.php?rest_route=\/wp\/v2\/users\/1"}],"replies":[{"embeddable":true,"href":"https:\/\/multimedianews.fotofreund.ch\/index.php?rest_route=%2Fwp%2Fv2%2Fcomments&post=2"}],"version-history":[{"count":10,"href":"https:\/\/multimedianews.fotofreund.ch\/index.php?rest_route=\/wp\/v2\/pages\/2\/revisions"}],"predecessor-version":[{"id":73,"href":"https:\/\/multimedianews.fotofreund.ch\/index.php?rest_route=\/wp\/v2\/pages\/2\/revisions\/73"}],"wp:attachment":[{"href":"https:\/\/multimedianews.fotofreund.ch\/index.php?rest_route=%2Fwp%2Fv2%2Fmedia&parent=2"}],"curies":[{"name":"wp","href":"https:\/\/api.w.org\/{rel}","templated":true}]}}