{"id":23,"date":"2025-07-17T12:02:32","date_gmt":"2025-07-17T12:02:32","guid":{"rendered":"https:\/\/multimedianews.fotofreund.ch\/?page_id=23"},"modified":"2025-07-18T07:55:46","modified_gmt":"2025-07-18T07:55:46","slug":"gaming","status":"publish","type":"page","link":"https:\/\/multimedianews.fotofreund.ch\/?page_id=23","title":{"rendered":"Gaming"},"content":{"rendered":"<ul class=\"is-grid columns-3 has-dates has-excerpts aligncenter wp-block-rss\"><li class='wp-block-rss__item'><div class='wp-block-rss__item-title'><a href='https:\/\/www.gamestar.de\/artikel\/the-boys-staffel-5-folge-3-supernatural-anspielung-soldier-boy-waffe,3451604.html'>The Boys &#8211; Mit einem kleinen Detail gedenkt der Seriensch\u00f6pfer in Staffel 5 seiner erfolgreichen Serie Supernatural und Fans lieben es<\/a><\/div><time datetime=\"2026-04-17T13:22:00+00:00\" class=\"wp-block-rss__item-publish-date\">April 17, 2026<\/time> <div class=\"wp-block-rss__item-excerpt\">Eric Kripke l\u00e4sst es sich nicht nehmen, in The Boys auf Supernatural abzuspielen. In Folge 3 der Superhelden-Serie k\u00f6nnen Fans sich deshalb freuen.<\/div><\/li><li class='wp-block-rss__item'><div class='wp-block-rss__item-title'><a href='https:\/\/www.gamestar.de\/artikel\/critical-role-bekommt-konkurrenz-vom-dnd-verlag,3451600.html'>Dungeons &amp; Dragons &#8211; Critical Role bekommt jetzt Konkurrenz vom offiziellen DnD-Verlag &#8211; in der neuen Spielrunde sind zwei Stars aus Baldur&#039;s Gate 3 dabei<\/a><\/div><time datetime=\"2026-04-17T13:15:00+00:00\" class=\"wp-block-rss__item-publish-date\">April 17, 2026<\/time> <div class=\"wp-block-rss__item-excerpt\">Wizards of the Coast schickt nun eine eigene TTRPG-Spielrunde los, mit hochkar\u00e4tiger Besetzung und w\u00f6chentlichen Episoden auf YouTube.<\/div><\/li><li class='wp-block-rss__item'><div class='wp-block-rss__item-title'><a href='https:\/\/www.gamestar.de\/videos\/der-verlag-hinter-dungeons-dragons-startet-eine-eigene-spielrunde-namens-dungeon-masters,140453.html'>Der Verlag hinter Dungeons &amp; Dragons startet eine eigene Spielrunde namens Dungeon Masters<\/a><\/div><time datetime=\"2026-04-17T13:05:00+00:00\" class=\"wp-block-rss__item-publish-date\">April 17, 2026<\/time> <div class=\"wp-block-rss__item-excerpt\">Ab sofort ver\u00f6ffentlicht der Verlag von Dungeons &amp; Dragons eine eigene Actual-Play-Runde namens Dungeon Masters. Jeden Mittwoch erscheint eine neue Folge aus der ersten Kampagne, die auf der Spielhilfe\u00a0Ravenloft: The Horrors Within basiert. Das Buch erscheint offiziell erst im Juni 2026, ihr bekommt also wohl Vorab-Einblicke. Mit Devora Wilde (Lae&#039;Zel) und Neil Newbon (Astarion) sind [&hellip;]<\/div><\/li><li class='wp-block-rss__item'><div class='wp-block-rss__item-title'><a href='https:\/\/www.gamestar.de\/artikel\/project-vision-e-kreuzfahrtschiff-titanic,3451548.html'>E-Kreuzfahrt &#8211; So lang wie die Titanic und Platz f\u00fcr 1.800 Besucher: Projekt \u00bbVision\u00ab wird das gr\u00f6\u00dfte E-Kreuzfahrtschiff der Welt<\/a><\/div><time datetime=\"2026-04-17T12:53:00+00:00\" class=\"wp-block-rss__item-publish-date\">April 17, 2026<\/time> <div class=\"wp-block-rss__item-excerpt\">Kreuzfahrten sollen damit gr\u00fcner werden.<\/div><\/li><li class='wp-block-rss__item'><div class='wp-block-rss__item-title'><a href='https:\/\/www.gamestar.de\/artikel\/deepl-echtzeit-uebersetzung-sprache,3451559.html'>KI &#8211; DeepL hat ein neues Projekt: Sie wollen bald nicht weniger als ein Echtzeit-\u00dcbersetzer f\u00fcr eure Gespr\u00e4che sein<\/a><\/div><time datetime=\"2026-04-17T12:31:00+00:00\" class=\"wp-block-rss__item-publish-date\">April 17, 2026<\/time> <div class=\"wp-block-rss__item-excerpt\">DeepL hat eine ganze Reihe von Produkten angek\u00fcndigt, die Echtzeit-\u00dcbersetzungen erm\u00f6glichen sollen.<\/div><\/li><li class='wp-block-rss__item'><div class='wp-block-rss__item-title'><a href='https:\/\/www.gamestar.de\/artikel\/last-flag-imagine-dragons-flop-auf-steam,3451578.html'>Last Flag &#8211; Imagine Dragons promoten ihren neuen Shooter an \u00fcber 10 Millionen Follower, auf Steam spielen ihn trotzdem nur 558 Leute<\/a><\/div><time datetime=\"2026-04-17T12:28:00+00:00\" class=\"wp-block-rss__item-publish-date\">April 17, 2026<\/time> <div class=\"wp-block-rss__item-excerpt\">Der S\u00e4nger von Imagine Dragons und sein Bruder haben ein eigenen Multiplayer-Shooter entwickelt, auf Steam zieht er jedoch keine Spielermassen an.<\/div><\/li><li class='wp-block-rss__item'><div class='wp-block-rss__item-title'><a href='https:\/\/www.gamestar.de\/artikel\/ki-emotionen-freundlich-sein,3451554.html'>KI &#8211; Bringt das was, wenn ihr Danke zu ChatGPT sagt? Forscher liefern eine klare Antwort<\/a><\/div><time datetime=\"2026-04-17T12:20:00+00:00\" class=\"wp-block-rss__item-publish-date\">April 17, 2026<\/time> <div class=\"wp-block-rss__item-excerpt\">Forscher von Anthropic gehen der Frage nach, ob es sich lohnt, freundlich mit KI-Bots zu interagieren.<\/div><\/li><li class='wp-block-rss__item'><div class='wp-block-rss__item-title'><a href='https:\/\/www.gamestar.de\/artikel\/kostenlos-bei-steam-legend-of-keepers,3451574.html'>Kostenlos bei Steam &#8211; Am Wochenende sind 6 Spiele gratis und 4 davon d\u00fcrft ihr sogar f\u00fcr immer behalten<\/a><\/div><time datetime=\"2026-04-17T11:39:00+00:00\" class=\"wp-block-rss__item-publish-date\">April 17, 2026<\/time> <div class=\"wp-block-rss__item-excerpt\">Mit dabei sind ein rundenbasierter Dungeon-Defender und der Football Manager 26.<\/div><\/li><li class='wp-block-rss__item'><div class='wp-block-rss__item-title'><a href='https:\/\/www.gamestar.de\/videos\/in-legend-of-keepers-dreht-ihr-den-spiess-um-und-versaut-helden-ihren-dungeon-raid,140448.html'>In Legend of Keepers dreht ihr den Spie\u00df um und versaut Helden ihren Dungeon-Raid<\/a><\/div><time datetime=\"2026-04-17T11:19:00+00:00\" class=\"wp-block-rss__item-publish-date\">April 17, 2026<\/time> <div class=\"wp-block-rss__item-excerpt\">In Legend of Keepers: Career of a Dungeon Manager schl\u00fcpft ihr in die Rolle eines Dungeon-Masters. Eure Mission: Verlie\u00dfe gegen nervige Helden verteidigen. Daf\u00fcr setzt ihr auf Monster, Fallen und Zauber und baut euer Dungeon zur t\u00f6dlichen Falle aus. In der Planungsphase checkt ihr erst, was die Abenteurer draufhaben, platziert dann euer Setup m\u00f6glichst clever [&hellip;]<\/div><\/li><li class='wp-block-rss__item'><div class='wp-block-rss__item-title'><a href='https:\/\/www.gamestar.de\/artikel\/lego-star-wars-n-1-starfighter-the-mandalorian,3451552.html'>Klemmbausteine &#8211; Der Star-Wars-Tag macht Lego-Fans gleich drei besondere Freuden, aber nur mit dem n\u00f6tigen \u00bbKleingeld\u00ab<\/a><\/div><time datetime=\"2026-04-17T11:18:00+00:00\" class=\"wp-block-rss__item-publish-date\">April 17, 2026<\/time> <div class=\"wp-block-rss__item-excerpt\">Lego hat mit dem N-1 Starfighter das n\u00e4chste UCS-Set angek\u00fcndigt, im Rahmen des Star-Wars-Tags gibt es dieses Mal sogar zwei Goodies.<\/div><\/li><li class='wp-block-rss__item'><div class='wp-block-rss__item-title'><a href='https:\/\/www.gamestar.de\/artikel\/windows-luege,3451569.html'>Windows &#8211; \u00bbDie gr\u00f6\u00dfte L\u00fcge, die je erz\u00e4hlt wurde\u00ab: Wetten, dass ihr auch schon Opfer dieses Windows-Betrugs wurdet?<\/a><\/div><time datetime=\"2026-04-17T10:17:00+00:00\" class=\"wp-block-rss__item-publish-date\">April 17, 2026<\/time> <div class=\"wp-block-rss__item-excerpt\">Von wegen \u00bbAktualisieren und herunterfahren\u00ab \u2013 ich glaube dir l\u00e4ngst kein Wort mehr, Windows!<\/div><\/li><li class='wp-block-rss__item'><div class='wp-block-rss__item-title'><a href='https:\/\/www.gamestar.de\/artikel\/james-bond-film-verschwinden-von-netflix-datum,3451565.html'>James Bond auf Netflix &#8211; Wenn ihr die Filme nachholen wollt, dann tut es jetzt &#8211; schon bald verschwinden sie n\u00e4mlich aus dem Programm<\/a><\/div><time datetime=\"2026-04-17T10:15:00+00:00\" class=\"wp-block-rss__item-publish-date\">April 17, 2026<\/time> <div class=\"wp-block-rss__item-excerpt\">Wenn ihr jetzt hektisch nach eurer Watchlist kramt, keine Sorge: Wir fassen euch zusammen, welche Bond-Filme nach dem 20. April 2025 von Netflix verschwinden.<\/div><\/li><\/ul>","protected":false},"excerpt":{"rendered":"","protected":false},"author":1,"featured_media":0,"parent":0,"menu_order":0,"comment_status":"closed","ping_status":"closed","template":"","meta":{"footnotes":""},"class_list":["post-23","page","type-page","status-publish","hentry"],"yoast_head":"<!-- This site is optimized with the Yoast SEO plugin v25.7 - https:\/\/yoast.com\/wordpress\/plugins\/seo\/ -->\n<title>Gaming - Multimedia News<\/title>\n<meta name=\"robots\" content=\"index, follow, max-snippet:-1, max-image-preview:large, max-video-preview:-1\" \/>\n<link rel=\"canonical\" href=\"https:\/\/multimedianews.fotofreund.ch\/?page_id=23\" \/>\n<meta property=\"og:locale\" content=\"de_DE\" \/>\n<meta property=\"og:type\" content=\"article\" \/>\n<meta property=\"og:title\" content=\"Gaming - Multimedia News\" \/>\n<meta property=\"og:url\" content=\"https:\/\/multimedianews.fotofreund.ch\/?page_id=23\" \/>\n<meta property=\"og:site_name\" content=\"Multimedia News\" \/>\n<meta property=\"article:modified_time\" content=\"2025-07-18T07:55:46+00:00\" \/>\n<meta name=\"twitter:card\" content=\"summary_large_image\" \/>\n<script type=\"application\/ld+json\" class=\"yoast-schema-graph\">{\"@context\":\"https:\/\/schema.org\",\"@graph\":[{\"@type\":\"WebPage\",\"@id\":\"https:\/\/multimedianews.fotofreund.ch\/?page_id=23\",\"url\":\"https:\/\/multimedianews.fotofreund.ch\/?page_id=23\",\"name\":\"Gaming - Multimedia News\",\"isPartOf\":{\"@id\":\"https:\/\/multimedianews.fotofreund.ch\/#website\"},\"datePublished\":\"2025-07-17T12:02:32+00:00\",\"dateModified\":\"2025-07-18T07:55:46+00:00\",\"breadcrumb\":{\"@id\":\"https:\/\/multimedianews.fotofreund.ch\/?page_id=23#breadcrumb\"},\"inLanguage\":\"de\",\"potentialAction\":[{\"@type\":\"ReadAction\",\"target\":[\"https:\/\/multimedianews.fotofreund.ch\/?page_id=23\"]}]},{\"@type\":\"BreadcrumbList\",\"@id\":\"https:\/\/multimedianews.fotofreund.ch\/?page_id=23#breadcrumb\",\"itemListElement\":[{\"@type\":\"ListItem\",\"position\":1,\"name\":\"Startseite\",\"item\":\"https:\/\/multimedianews.fotofreund.ch\/\"},{\"@type\":\"ListItem\",\"position\":2,\"name\":\"Gaming\"}]},{\"@type\":\"WebSite\",\"@id\":\"https:\/\/multimedianews.fotofreund.ch\/#website\",\"url\":\"https:\/\/multimedianews.fotofreund.ch\/\",\"name\":\"Multimedia News\",\"description\":\"News zu Fussball, IT, Gaming usw.\",\"potentialAction\":[{\"@type\":\"SearchAction\",\"target\":{\"@type\":\"EntryPoint\",\"urlTemplate\":\"https:\/\/multimedianews.fotofreund.ch\/?s={search_term_string}\"},\"query-input\":{\"@type\":\"PropertyValueSpecification\",\"valueRequired\":true,\"valueName\":\"search_term_string\"}}],\"inLanguage\":\"de\"}]}<\/script>\n<!-- \/ Yoast SEO plugin. -->","yoast_head_json":{"title":"Gaming - Multimedia News","robots":{"index":"index","follow":"follow","max-snippet":"max-snippet:-1","max-image-preview":"max-image-preview:large","max-video-preview":"max-video-preview:-1"},"canonical":"https:\/\/multimedianews.fotofreund.ch\/?page_id=23","og_locale":"de_DE","og_type":"article","og_title":"Gaming - Multimedia News","og_url":"https:\/\/multimedianews.fotofreund.ch\/?page_id=23","og_site_name":"Multimedia News","article_modified_time":"2025-07-18T07:55:46+00:00","twitter_card":"summary_large_image","schema":{"@context":"https:\/\/schema.org","@graph":[{"@type":"WebPage","@id":"https:\/\/multimedianews.fotofreund.ch\/?page_id=23","url":"https:\/\/multimedianews.fotofreund.ch\/?page_id=23","name":"Gaming - Multimedia News","isPartOf":{"@id":"https:\/\/multimedianews.fotofreund.ch\/#website"},"datePublished":"2025-07-17T12:02:32+00:00","dateModified":"2025-07-18T07:55:46+00:00","breadcrumb":{"@id":"https:\/\/multimedianews.fotofreund.ch\/?page_id=23#breadcrumb"},"inLanguage":"de","potentialAction":[{"@type":"ReadAction","target":["https:\/\/multimedianews.fotofreund.ch\/?page_id=23"]}]},{"@type":"BreadcrumbList","@id":"https:\/\/multimedianews.fotofreund.ch\/?page_id=23#breadcrumb","itemListElement":[{"@type":"ListItem","position":1,"name":"Startseite","item":"https:\/\/multimedianews.fotofreund.ch\/"},{"@type":"ListItem","position":2,"name":"Gaming"}]},{"@type":"WebSite","@id":"https:\/\/multimedianews.fotofreund.ch\/#website","url":"https:\/\/multimedianews.fotofreund.ch\/","name":"Multimedia News","description":"News zu Fussball, IT, Gaming usw.","potentialAction":[{"@type":"SearchAction","target":{"@type":"EntryPoint","urlTemplate":"https:\/\/multimedianews.fotofreund.ch\/?s={search_term_string}"},"query-input":{"@type":"PropertyValueSpecification","valueRequired":true,"valueName":"search_term_string"}}],"inLanguage":"de"}]}},"_links":{"self":[{"href":"https:\/\/multimedianews.fotofreund.ch\/index.php?rest_route=\/wp\/v2\/pages\/23","targetHints":{"allow":["GET"]}}],"collection":[{"href":"https:\/\/multimedianews.fotofreund.ch\/index.php?rest_route=\/wp\/v2\/pages"}],"about":[{"href":"https:\/\/multimedianews.fotofreund.ch\/index.php?rest_route=\/wp\/v2\/types\/page"}],"author":[{"embeddable":true,"href":"https:\/\/multimedianews.fotofreund.ch\/index.php?rest_route=\/wp\/v2\/users\/1"}],"replies":[{"embeddable":true,"href":"https:\/\/multimedianews.fotofreund.ch\/index.php?rest_route=%2Fwp%2Fv2%2Fcomments&post=23"}],"version-history":[{"count":3,"href":"https:\/\/multimedianews.fotofreund.ch\/index.php?rest_route=\/wp\/v2\/pages\/23\/revisions"}],"predecessor-version":[{"id":44,"href":"https:\/\/multimedianews.fotofreund.ch\/index.php?rest_route=\/wp\/v2\/pages\/23\/revisions\/44"}],"wp:attachment":[{"href":"https:\/\/multimedianews.fotofreund.ch\/index.php?rest_route=%2Fwp%2Fv2%2Fmedia&parent=23"}],"curies":[{"name":"wp","href":"https:\/\/api.w.org\/{rel}","templated":true}]}}